{"id":874,"date":"2025-11-11T15:38:10","date_gmt":"2025-11-11T14:38:10","guid":{"rendered":"https:\/\/www.gerstenberg-rohde.de\/about-us\/references\/"},"modified":"2026-03-10T15:00:24","modified_gmt":"2026-03-10T14:00:24","slug":"references","status":"publish","type":"page","link":"https:\/\/www.gerstenberg-rohde.de\/en\/about-us\/references\/","title":{"rendered":"References"},"content":{"rendered":"\n<h1  data-animation-delay=\"0\" data-animation-duration=\"2\">\n\t\t\t\t<\/h1>\n<h2>\n\t\t\tDas sagen unsere Kunden &#8230;\t<\/h2>\n\t\t\t\t<img decoding=\"async\" src=\"https:\/\/www.gerstenberg-rohde.de\/wp-content\/uploads\/bb-plugin\/cache\/logo-caidera-cta-square.png\" alt=\"logo-caidera-cta\" title=\"logo-caidera-cta\" itemprop=\"image\"\/>\n\t\t\t\t\t\t\t\t<h3 class='uabb-testimonial-author-name testimonial-author-name'>Max Sieg<\/h3>\t\t\t\t\t\t\t\t\n\t\t\t\t\t\t\t\t\tCo-Founder and CEO Caidera GmbH\t\t\t\t\t\t\t\t\n\t\t\t\t\t\t\t<p>Richard Gerstenberg hat uns mit klarer Analyse und strukturiertem Vorgehen geholfen, Liquidit\u00e4tsengp\u00e4sse fr\u00fchzeitig zu erkennen und unsere Unternehmensstruktur nachhaltig aufzustellen &#8211; ein verl\u00e4sslicher Partner auf Augenh\u00f6he.<\/p>\t\t\t\t\t\t\n\t\t\t\t<img decoding=\"async\" src=\"https:\/\/www.gerstenberg-rohde.de\/wp-content\/uploads\/bb-plugin\/cache\/etec-testimonial-square.png\" alt=\"etec-testimonial\" title=\"etec-testimonial\" itemprop=\"image\"\/>\n\t\t\t\t\t\t\t\t<h3 class='uabb-testimonial-author-name testimonial-author-name'>Manuel Schmidt<\/h3>\t\t\t\t\t\t\t\t\n\t\t\t\t\t\t\t\t\tGesch\u00e4ftsleitung, ETEC Recycling GmbH\t\t\t\t\t\t\t\t\n\t\t\t\t\t\t\t<p>Aaron Rohde hat f\u00fcr uns die Umfirmierung geplant und bei ETEC Recycling ein wirksames Inhouse-Consulting aufgebaut und geleitet. Ergebnis: besseres Controlling, finanzierungsf\u00e4hige Business Cases f\u00fcr zwei Standorte und entscheidungsreife Vorlagen &#8211; insgesamt klare Logik, deutlich weniger Steuern und sp\u00fcrbar h\u00f6here Ertragskraft. Ich empfehle die Zusammenarbeit mit Aaron Rohde und Gerstenberg &amp; Rohde Consulting ausdr\u00fccklich.<\/p>\t\t\t\t\t\t\n\t\t\t\t\t\t\t\t<h3 class='uabb-testimonial-author-name testimonial-author-name'>Uday Narang<\/h3>\t\t\t\t\t\t\t\t\n\t\t\t\t\t\t\t\t\tChairman Founder and Owner of Omega Seiki Mobility (Delhi, Indien)\t\t\t\t\t\t\t\t\n\t\t\t\t\t\t\t<p>Richard is a trusted resource who&#8217;s advice and contribution I do not want to miss in particular in the international expansion of Omega Seiki Mobility.<\/p>\t\t\t\t\t\t\n\t\t\t\t\t\t\t\t<h3 class='uabb-testimonial-author-name testimonial-author-name'>Dr. Andrea Freudenberg<\/h3>\t\t\t\t\t\t\t\t\n\t\t\t\t\t\t\t\t\tFachzahn\u00e4rztin f\u00fcr Kieferorthop\u00e4die &amp; Gr\u00fcnderin von mykie\u00ae, Weinheim\t\t\t\t\t\t\t\t\n\t\t\t\t\t\t\t<p>Die Unterst\u00fctzung von Herrn Richard Gerstenberg war mir bei der Organisationsweiterentwicklung von mykie\u00ae &#8230; von gro\u00dfem Wert! &#8230; strategische und betriebswirtschaftliche Kenntnisse &#8230; konkret und auf Augenh\u00f6he<\/p>\t\t\t\t\t\t\n\t\t\t\t\t\t\t\t<h3 class='uabb-testimonial-author-name testimonial-author-name'>Katharina Kreutzer<\/h3>\t\t\t\t\t\t\t\t\n\t\t\t\t\t\t\t\t\tCEO von MUVN &#8211; Die Mitfahrgelegenheit f\u00fcr Gegenst\u00e4nde, Hamburg\t\t\t\t\t\t\t\t\n\t\t\t\t\t\t\t<p>Die Expertise in der nachhaltigen Mobilit\u00e4tswirtschaft ist mir als CEO von MUVN in seiner Rolle als Beirat in unserem Start-up von h\u00f6chstem Wert.<br \/><br \/><\/p>\t\t\t\t\t\t\n\t\t\t\t\t\t\t\t<h3 class='uabb-testimonial-author-name testimonial-author-name'>Anna Maria Kurz<\/h3>\t\t\t\t\t\t\t\t\n\t\t\t\t\t\t\t\t\tCEO von Kibun (Bozen\/Rosenheim)\t\t\t\t\t\t\t\t\n\t\t\t\t\t\t\t<p>Was ich an Richard besonders sch\u00e4tze: Er bringt seine Leidenschaft f\u00fcr Organisationsentwicklung mit viel Klarheit und Menschlichkeit ein<\/p>\t\t\t\t\t\t\n\t<h2>\n\t\t\tSo einfach geht&#8217;s:\t<\/h2>\n<h2>\n\t\t\tUnverbindliches Erstgespr\u00e4ch vereinbaren\t<\/h2>\n\n","protected":false},"excerpt":{"rendered":"<p>Das sagen unsere Kunden &#8230; Max Sieg Co-Founder and CEO Caidera GmbH Richard Gerstenberg hat uns mit klarer Analyse und strukturiertem Vorgehen geholfen, Liquidit\u00e4tsengp\u00e4sse fr\u00fchzeitig zu erkennen und unsere Unternehmensstruktur nachhaltig aufzustellen &#8211; ein verl\u00e4sslicher Partner auf Augenh\u00f6he. Manuel Schmidt Gesch\u00e4ftsleitung, ETEC Recycling GmbH Aaron Rohde hat f\u00fcr uns die Umfirmierung geplant und bei ETEC&hellip;<\/p>\n","protected":false},"author":2,"featured_media":875,"parent":857,"menu_order":0,"comment_status":"closed","ping_status":"closed","template":"","meta":{"_seopress_robots_primary_cat":"","_seopress_titles_title":"","_seopress_titles_desc":"","_seopress_robots_index":"","footnotes":"","_links_to":"","_links_to_target":""},"class_list":["post-874","page","type-page","status-publish","has-post-thumbnail","hentry"],"_links":{"self":[{"href":"https:\/\/www.gerstenberg-rohde.de\/en\/wp-json\/wp\/v2\/pages\/874","targetHints":{"allow":["GET"]}}],"collection":[{"href":"https:\/\/www.gerstenberg-rohde.de\/en\/wp-json\/wp\/v2\/pages"}],"about":[{"href":"https:\/\/www.gerstenberg-rohde.de\/en\/wp-json\/wp\/v2\/types\/page"}],"author":[{"embeddable":true,"href":"https:\/\/www.gerstenberg-rohde.de\/en\/wp-json\/wp\/v2\/users\/2"}],"replies":[{"embeddable":true,"href":"https:\/\/www.gerstenberg-rohde.de\/en\/wp-json\/wp\/v2\/comments?post=874"}],"version-history":[{"count":0,"href":"https:\/\/www.gerstenberg-rohde.de\/en\/wp-json\/wp\/v2\/pages\/874\/revisions"}],"up":[{"embeddable":true,"href":"https:\/\/www.gerstenberg-rohde.de\/en\/wp-json\/wp\/v2\/pages\/857"}],"wp:featuredmedia":[{"embeddable":true,"href":"https:\/\/www.gerstenberg-rohde.de\/en\/wp-json\/wp\/v2\/media\/875"}],"wp:attachment":[{"href":"https:\/\/www.gerstenberg-rohde.de\/en\/wp-json\/wp\/v2\/media?parent=874"}],"curies":[{"name":"wp","href":"https:\/\/api.w.org\/{rel}","templated":true}]}}