{"id":865,"date":"2025-11-11T15:53:43","date_gmt":"2025-11-11T14:53:43","guid":{"rendered":"https:\/\/www.gerstenberg-rohde.de\/about-us\/news\/"},"modified":"2026-03-18T19:29:13","modified_gmt":"2026-03-18T18:29:13","slug":"news","status":"publish","type":"page","link":"https:\/\/www.gerstenberg-rohde.de\/en\/about-us\/news\/","title":{"rendered":"News"},"content":{"rendered":"\n<h1  data-animation-delay=\"0\" data-animation-duration=\"2\">\n\t\t\t\t<\/h1>\n<h2>\n\t\t\tNews\t<\/h2>\n\t<p>Aktuelles und Neuigkeiten von Gerstenberg &amp; Rohde Consulting &#8230;<\/p>\n\t\t\t\t\t\t\t\t\t\t\t\t\t\t<a href=\"https:\/\/www.gerstenberg-rohde.de\/nicht-kategorisiert\/relaunch-unserer-website\/\" target=\"_self\" title=\"Relaunch unserer Website &#8230;\">\n\t\t\t\t<img decoding=\"async\" src=\"https:\/\/www.gerstenberg-rohde.de\/wp-content\/uploads\/2025\/11\/251121-relaunch-grohde.jpg\" alt=\"Tablet zeigt neue Website von Unternehmensberatung\" \/>\n\t\t\t\t<\/a>\n\t\t\t\t\t\t<h3>\n\t\t\t\t<a href=\"https:\/\/www.gerstenberg-rohde.de\/nicht-kategorisiert\/relaunch-unserer-website\/\" title=\"Relaunch unserer Website &#8230;\">Relaunch unserer Website &#8230;<\/a>\t\t\t<\/h3>\n\t\t\t\t\t\t\t<h5>\n\t\t\t9. M\u00e4rz 2026\t\t\t\n\t\t\t\t\t\t\t<\/h5>\n\t\t\t\t\t\t\t\t\tHeute wurde unser neu designter Internetauftritt von der Schaffenskraft Designagentur gerelauncht. Full Responsive und Mobile Friendly.\n\t\t\t<a href=\"https:\/\/www.gerstenberg-rohde.de\/nicht-kategorisiert\/relaunch-unserer-website\/\" title=\"Mehr erfahren\" target=\"_self\"   role=\"button\" aria-label=\"Mehr erfahren\">\n\t\t\t\t\t\t\tMehr erfahren\n\t\t<\/a>\n\t\t\t\t\t\t\t\t\t\t\t\t\t\t<a href=\"https:\/\/www.gerstenberg-rohde.de\/nicht-kategorisiert\/working-capital-einfach-erklaert-was-wirklich-dahintersteckt\/\" target=\"_self\" title=\"Working Capital einfach erkl\u00e4rt: Was wirklich dahintersteckt\">\n\t\t\t\t<img decoding=\"async\" src=\"https:\/\/www.gerstenberg-rohde.de\/wp-content\/uploads\/2025\/12\/251219-working_capital-grohde.jpg\" alt=\"Verzierter Balkon mit Working-Capital-\u00dcberschrift\" \/>\n\t\t\t\t<\/a>\n\t\t\t\t\t\t<h3>\n\t\t\t\t<a href=\"https:\/\/www.gerstenberg-rohde.de\/nicht-kategorisiert\/working-capital-einfach-erklaert-was-wirklich-dahintersteckt\/\" title=\"Working Capital einfach erkl\u00e4rt: Was wirklich dahintersteckt\">Working Capital einfach erkl\u00e4rt: Was wirklich dahintersteckt<\/a>\t\t\t<\/h3>\n\t\t\t\t\t\t\t<h5>\n\t\t\t8. M\u00e4rz 2026\t\t\t\n\t\t\t\t\t\t\t<\/h5>\n\t\t\t\t\t\t\t\t\tWenn \u00fcber die finanzielle Gesundheit eines Unternehmens gesprochen wird, f\u00e4llt oft der Blick auf Umsatz und Gewinn. Mindestens genauso entscheidend ist jedoch eine andere Gr\u00f6\u00dfe: das Working Capital. Es zeigt, wie gut ein Unternehmen im Tagesgesch\u00e4ft finanziell aufgestellt ist &#8211; und ob ausreichend Liquidit\u00e4t vorhanden ist, um laufende Verpflichtungen zu erf\u00fcllen. Was bedeutet Working Capital?&hellip;\n\t\t\t<a href=\"https:\/\/www.gerstenberg-rohde.de\/nicht-kategorisiert\/working-capital-einfach-erklaert-was-wirklich-dahintersteckt\/\" title=\"Mehr erfahren\" target=\"_self\"   role=\"button\" aria-label=\"Mehr erfahren\">\n\t\t\t\t\t\t\tMehr erfahren\n\t\t<\/a>\n<h2>\n\t\t\tSo einfach geht&#8217;s:\t<\/h2>\n<h2>\n\t\t\tUnverbindliches Erstgespr\u00e4ch vereinbaren\t<\/h2>\n\n","protected":false},"excerpt":{"rendered":"<p>News Aktuelles und Neuigkeiten von Gerstenberg &amp; Rohde Consulting &#8230; Relaunch unserer Website &#8230; 9. M\u00e4rz 2026 Heute wurde unser neu designter Internetauftritt von der Schaffenskraft Designagentur gerelauncht. Full Responsive und Mobile Friendly. Mehr erfahren Working Capital einfach erkl\u00e4rt: Was wirklich dahintersteckt 8. M\u00e4rz 2026 Wenn \u00fcber die finanzielle Gesundheit eines Unternehmens gesprochen wird, f\u00e4llt&hellip;<\/p>\n","protected":false},"author":2,"featured_media":867,"parent":857,"menu_order":0,"comment_status":"closed","ping_status":"closed","template":"","meta":{"_seopress_robots_primary_cat":"","_seopress_titles_title":"","_seopress_titles_desc":"","_seopress_robots_index":"","footnotes":"","_links_to":"","_links_to_target":""},"class_list":["post-865","page","type-page","status-publish","has-post-thumbnail","hentry"],"_links":{"self":[{"href":"https:\/\/www.gerstenberg-rohde.de\/en\/wp-json\/wp\/v2\/pages\/865","targetHints":{"allow":["GET"]}}],"collection":[{"href":"https:\/\/www.gerstenberg-rohde.de\/en\/wp-json\/wp\/v2\/pages"}],"about":[{"href":"https:\/\/www.gerstenberg-rohde.de\/en\/wp-json\/wp\/v2\/types\/page"}],"author":[{"embeddable":true,"href":"https:\/\/www.gerstenberg-rohde.de\/en\/wp-json\/wp\/v2\/users\/2"}],"replies":[{"embeddable":true,"href":"https:\/\/www.gerstenberg-rohde.de\/en\/wp-json\/wp\/v2\/comments?post=865"}],"version-history":[{"count":1,"href":"https:\/\/www.gerstenberg-rohde.de\/en\/wp-json\/wp\/v2\/pages\/865\/revisions"}],"predecessor-version":[{"id":1072,"href":"https:\/\/www.gerstenberg-rohde.de\/en\/wp-json\/wp\/v2\/pages\/865\/revisions\/1072"}],"up":[{"embeddable":true,"href":"https:\/\/www.gerstenberg-rohde.de\/en\/wp-json\/wp\/v2\/pages\/857"}],"wp:featuredmedia":[{"embeddable":true,"href":"https:\/\/www.gerstenberg-rohde.de\/en\/wp-json\/wp\/v2\/media\/867"}],"wp:attachment":[{"href":"https:\/\/www.gerstenberg-rohde.de\/en\/wp-json\/wp\/v2\/media?parent=865"}],"curies":[{"name":"wp","href":"https:\/\/api.w.org\/{rel}","templated":true}]}}